{"id":2656,"date":"2025-06-11T14:04:02","date_gmt":"2025-06-11T12:04:02","guid":{"rendered":"https:\/\/capsulescompostables.fr\/?post_type=product&#038;p=2656"},"modified":"2025-06-24T15:39:52","modified_gmt":"2025-06-24T13:39:52","slug":"start-miscela-bio-arabica-in-grani-1kg","status":"publish","type":"product","link":"https:\/\/capsulescompostables.fr\/it\/prodotto\/start-miscela-bio-arabica-in-grani-1kg\/","title":{"rendered":"START &#8211; Miscela Bio <br> 100% Arabica in grani 1kg"},"content":{"rendered":"","protected":false},"excerpt":{"rendered":"<p>Scopri START, la nostra miscela biologica 100% Arabica, ottenuta da coltivazioni biologiche certificate e selezionate con cura.<br \/>\nPremiata con la Medaglia d\u2019Oro all\u2019International Coffee Tasting Asia 2017, categoria Italian Espresso.<\/p>\n<p>Dal profilo dolce e delicato, con una moderata acidit\u00e0 e un aroma raffinato, \u00e8 la scelta perfetta per chi cerca un espresso di qualit\u00e0 superiore, ideale sia per caffetterie che per gli amanti del caff\u00e8 a casa.<\/p>\n<p>Confezione da 1 kg in grani, per preservare al meglio freschezza e profumi.<\/p>\n<p>Un caff\u00e8 sostenibile, premiato e capace di offrire un\u2019esperienza di gusto indimenticabile.<\/p>\n","protected":false},"featured_media":2658,"template":"","meta":{"_acf_changed":false},"product_brand":[],"product_cat":[68],"product_tag":[],"class_list":{"0":"post-2656","1":"product","2":"type-product","3":"status-publish","4":"has-post-thumbnail","6":"product_cat-caffe-in-grani","8":"first","9":"instock","10":"shipping-taxable","11":"purchasable","12":"product-type-simple"},"acf":[],"yoast_head":"<!-- This site is optimized with the Yoast SEO plugin v25.0 - https:\/\/yoast.com\/wordpress\/plugins\/seo\/ -->\n<title>START - Miscela Bio  100% Arabica in grani 1kg - Caff\u00e8 Fantino<\/title>\n<meta name=\"robots\" content=\"index, follow, max-snippet:-1, max-image-preview:large, max-video-preview:-1\" \/>\n<link rel=\"canonical\" href=\"https:\/\/capsulescompostables.shop\/it\/prodotto\/start-miscela-bio-arabica-in-grani-1kg\/\" \/>\n<meta property=\"og:locale\" content=\"it_IT\" \/>\n<meta property=\"og:type\" content=\"article\" \/>\n<meta property=\"og:title\" content=\"START - Miscela Bio  100% Arabica in grani 1kg - Caff\u00e8 Fantino\" \/>\n<meta property=\"og:description\" content=\"Scopri START, la nostra miscela biologica 100% Arabica, ottenuta da coltivazioni biologiche certificate e selezionate con cura. Premiata con la Medaglia d\u2019Oro all\u2019International Coffee Tasting Asia 2017, categoria Italian Espresso.  Dal profilo dolce e delicato, con una moderata acidit\u00e0 e un aroma raffinato, \u00e8 la scelta perfetta per chi cerca un espresso di qualit\u00e0 superiore, ideale sia per caffetterie che per gli amanti del caff\u00e8 a casa.  Confezione da 1 kg in grani, per preservare al meglio freschezza e profumi.  Un caff\u00e8 sostenibile, premiato e capace di offrire un\u2019esperienza di gusto indimenticabile.\" \/>\n<meta property=\"og:url\" content=\"https:\/\/capsulescompostables.shop\/it\/prodotto\/start-miscela-bio-arabica-in-grani-1kg\/\" \/>\n<meta property=\"og:site_name\" content=\"Caff\u00e8 Fantino\" \/>\n<meta property=\"article:publisher\" content=\"https:\/\/www.facebook.com\/caffefantino\" \/>\n<meta property=\"article:modified_time\" content=\"2025-06-24T13:39:52+00:00\" \/>\n<meta property=\"og:image\" content=\"https:\/\/capsulescompostables.shop\/wp-content\/uploads\/2025\/06\/START-\u2013-Miscela-di-Caffe-Biologico-100-Arabica-\u2013-Confezione-da-1-kg.jpg\" \/>\n\t<meta property=\"og:image:width\" content=\"1442\" \/>\n\t<meta property=\"og:image:height\" content=\"1440\" \/>\n\t<meta property=\"og:image:type\" content=\"image\/jpeg\" \/>\n<meta name=\"twitter:card\" content=\"summary_large_image\" \/>\n<meta name=\"twitter:label1\" content=\"Tempo di lettura stimato\" \/>\n\t<meta name=\"twitter:data1\" content=\"1 minuto\" \/>\n<script type=\"application\/ld+json\" class=\"yoast-schema-graph\">{\"@context\":\"https:\/\/schema.org\",\"@graph\":[{\"@type\":\"WebPage\",\"@id\":\"https:\/\/capsulescompostables.shop\/it\/prodotto\/start-miscela-bio-arabica-in-grani-1kg\/\",\"url\":\"https:\/\/capsulescompostables.shop\/it\/prodotto\/start-miscela-bio-arabica-in-grani-1kg\/\",\"name\":\"START - Miscela Bio 100% Arabica in grani 1kg - Caff\u00e8 Fantino\",\"isPartOf\":{\"@id\":\"https:\/\/capsulescompostables.shop\/#website\"},\"primaryImageOfPage\":{\"@id\":\"https:\/\/capsulescompostables.shop\/it\/prodotto\/start-miscela-bio-arabica-in-grani-1kg\/#primaryimage\"},\"image\":{\"@id\":\"https:\/\/capsulescompostables.shop\/it\/prodotto\/start-miscela-bio-arabica-in-grani-1kg\/#primaryimage\"},\"thumbnailUrl\":\"https:\/\/capsulescompostables.fr\/wp-content\/uploads\/2025\/06\/START-\u2013-Miscela-di-Caffe-Biologico-100-Arabica-\u2013-Confezione-da-1-kg.jpg\",\"datePublished\":\"2025-06-11T12:04:02+00:00\",\"dateModified\":\"2025-06-24T13:39:52+00:00\",\"breadcrumb\":{\"@id\":\"https:\/\/capsulescompostables.shop\/it\/prodotto\/start-miscela-bio-arabica-in-grani-1kg\/#breadcrumb\"},\"inLanguage\":\"it-IT\",\"potentialAction\":[{\"@type\":\"ReadAction\",\"target\":[\"https:\/\/capsulescompostables.shop\/it\/prodotto\/start-miscela-bio-arabica-in-grani-1kg\/\"]}]},{\"@type\":\"ImageObject\",\"inLanguage\":\"it-IT\",\"@id\":\"https:\/\/capsulescompostables.shop\/it\/prodotto\/start-miscela-bio-arabica-in-grani-1kg\/#primaryimage\",\"url\":\"https:\/\/capsulescompostables.fr\/wp-content\/uploads\/2025\/06\/START-\u2013-Miscela-di-Caffe-Biologico-100-Arabica-\u2013-Confezione-da-1-kg.jpg\",\"contentUrl\":\"https:\/\/capsulescompostables.fr\/wp-content\/uploads\/2025\/06\/START-\u2013-Miscela-di-Caffe-Biologico-100-Arabica-\u2013-Confezione-da-1-kg.jpg\",\"width\":1442,\"height\":1440,\"caption\":\"START \u2013 Miscela di Caff\u00e8 Biologico 100% Arabica \u2013 Confezione da 1 kg Caff\u00e8 Fantino\"},{\"@type\":\"BreadcrumbList\",\"@id\":\"https:\/\/capsulescompostables.shop\/it\/prodotto\/start-miscela-bio-arabica-in-grani-1kg\/#breadcrumb\",\"itemListElement\":[{\"@type\":\"ListItem\",\"position\":1,\"name\":\"Home\",\"item\":\"https:\/\/capsulescompostables.shop\/it\/\"},{\"@type\":\"ListItem\",\"position\":2,\"name\":\"Produits\",\"item\":\"https:\/\/capsulescompostables.fr\/shop\/\"},{\"@type\":\"ListItem\",\"position\":3,\"name\":\"START &#8211; Miscela Bio 100% Arabica in grani 1kg\"}]},{\"@type\":\"WebSite\",\"@id\":\"https:\/\/capsulescompostables.shop\/#website\",\"url\":\"https:\/\/capsulescompostables.shop\/\",\"name\":\"Caff\u00e8 Fantino\",\"description\":\"Capsules Compostables Compatibles Nespresso\",\"publisher\":{\"@id\":\"https:\/\/capsulescompostables.shop\/#organization\"},\"potentialAction\":[{\"@type\":\"SearchAction\",\"target\":{\"@type\":\"EntryPoint\",\"urlTemplate\":\"https:\/\/capsulescompostables.shop\/?s={search_term_string}\"},\"query-input\":{\"@type\":\"PropertyValueSpecification\",\"valueRequired\":true,\"valueName\":\"search_term_string\"}}],\"inLanguage\":\"it-IT\"},{\"@type\":\"Organization\",\"@id\":\"https:\/\/capsulescompostables.shop\/#organization\",\"name\":\"Caff\u00e8 Fantino\",\"url\":\"https:\/\/capsulescompostables.shop\/\",\"logo\":{\"@type\":\"ImageObject\",\"inLanguage\":\"it-IT\",\"@id\":\"https:\/\/capsulescompostables.shop\/#\/schema\/logo\/image\/\",\"url\":\"https:\/\/capsulescompostables.fr\/wp-content\/uploads\/2024\/07\/logo-caffe-fantino.png\",\"contentUrl\":\"https:\/\/capsulescompostables.fr\/wp-content\/uploads\/2024\/07\/logo-caffe-fantino.png\",\"width\":508,\"height\":494,\"caption\":\"Caff\u00e8 Fantino\"},\"image\":{\"@id\":\"https:\/\/capsulescompostables.shop\/#\/schema\/logo\/image\/\"},\"sameAs\":[\"https:\/\/www.facebook.com\/caffefantino\",\"https:\/\/www.instagram.com\/caffe_fantino\/\",\"https:\/\/www.linkedin.com\/company\/caffe-fantino\/\",\"https:\/\/www.tripadvisor.it\/Restaurant_Review-g187853-d16753727-Reviews-Caffe_Fantino-Cuneo_Province_of_Cuneo_Piedmont.html\"]}]}<\/script>\n<!-- \/ Yoast SEO plugin. -->","yoast_head_json":{"title":"START - Miscela Bio  100% Arabica in grani 1kg - Caff\u00e8 Fantino","robots":{"index":"index","follow":"follow","max-snippet":"max-snippet:-1","max-image-preview":"max-image-preview:large","max-video-preview":"max-video-preview:-1"},"canonical":"https:\/\/capsulescompostables.shop\/it\/prodotto\/start-miscela-bio-arabica-in-grani-1kg\/","og_locale":"it_IT","og_type":"article","og_title":"START - Miscela Bio  100% Arabica in grani 1kg - Caff\u00e8 Fantino","og_description":"Scopri START, la nostra miscela biologica 100% Arabica, ottenuta da coltivazioni biologiche certificate e selezionate con cura. Premiata con la Medaglia d\u2019Oro all\u2019International Coffee Tasting Asia 2017, categoria Italian Espresso.  Dal profilo dolce e delicato, con una moderata acidit\u00e0 e un aroma raffinato, \u00e8 la scelta perfetta per chi cerca un espresso di qualit\u00e0 superiore, ideale sia per caffetterie che per gli amanti del caff\u00e8 a casa.  Confezione da 1 kg in grani, per preservare al meglio freschezza e profumi.  Un caff\u00e8 sostenibile, premiato e capace di offrire un\u2019esperienza di gusto indimenticabile.","og_url":"https:\/\/capsulescompostables.shop\/it\/prodotto\/start-miscela-bio-arabica-in-grani-1kg\/","og_site_name":"Caff\u00e8 Fantino","article_publisher":"https:\/\/www.facebook.com\/caffefantino","article_modified_time":"2025-06-24T13:39:52+00:00","og_image":[{"width":1442,"height":1440,"url":"https:\/\/capsulescompostables.shop\/wp-content\/uploads\/2025\/06\/START-\u2013-Miscela-di-Caffe-Biologico-100-Arabica-\u2013-Confezione-da-1-kg.jpg","type":"image\/jpeg"}],"twitter_card":"summary_large_image","twitter_misc":{"Tempo di lettura stimato":"1 minuto"},"schema":{"@context":"https:\/\/schema.org","@graph":[{"@type":"WebPage","@id":"https:\/\/capsulescompostables.shop\/it\/prodotto\/start-miscela-bio-arabica-in-grani-1kg\/","url":"https:\/\/capsulescompostables.shop\/it\/prodotto\/start-miscela-bio-arabica-in-grani-1kg\/","name":"START - Miscela Bio 100% Arabica in grani 1kg - Caff\u00e8 Fantino","isPartOf":{"@id":"https:\/\/capsulescompostables.shop\/#website"},"primaryImageOfPage":{"@id":"https:\/\/capsulescompostables.shop\/it\/prodotto\/start-miscela-bio-arabica-in-grani-1kg\/#primaryimage"},"image":{"@id":"https:\/\/capsulescompostables.shop\/it\/prodotto\/start-miscela-bio-arabica-in-grani-1kg\/#primaryimage"},"thumbnailUrl":"https:\/\/capsulescompostables.fr\/wp-content\/uploads\/2025\/06\/START-\u2013-Miscela-di-Caffe-Biologico-100-Arabica-\u2013-Confezione-da-1-kg.jpg","datePublished":"2025-06-11T12:04:02+00:00","dateModified":"2025-06-24T13:39:52+00:00","breadcrumb":{"@id":"https:\/\/capsulescompostables.shop\/it\/prodotto\/start-miscela-bio-arabica-in-grani-1kg\/#breadcrumb"},"inLanguage":"it-IT","potentialAction":[{"@type":"ReadAction","target":["https:\/\/capsulescompostables.shop\/it\/prodotto\/start-miscela-bio-arabica-in-grani-1kg\/"]}]},{"@type":"ImageObject","inLanguage":"it-IT","@id":"https:\/\/capsulescompostables.shop\/it\/prodotto\/start-miscela-bio-arabica-in-grani-1kg\/#primaryimage","url":"https:\/\/capsulescompostables.fr\/wp-content\/uploads\/2025\/06\/START-\u2013-Miscela-di-Caffe-Biologico-100-Arabica-\u2013-Confezione-da-1-kg.jpg","contentUrl":"https:\/\/capsulescompostables.fr\/wp-content\/uploads\/2025\/06\/START-\u2013-Miscela-di-Caffe-Biologico-100-Arabica-\u2013-Confezione-da-1-kg.jpg","width":1442,"height":1440,"caption":"START \u2013 Miscela di Caff\u00e8 Biologico 100% Arabica \u2013 Confezione da 1 kg Caff\u00e8 Fantino"},{"@type":"BreadcrumbList","@id":"https:\/\/capsulescompostables.shop\/it\/prodotto\/start-miscela-bio-arabica-in-grani-1kg\/#breadcrumb","itemListElement":[{"@type":"ListItem","position":1,"name":"Home","item":"https:\/\/capsulescompostables.shop\/it\/"},{"@type":"ListItem","position":2,"name":"Produits","item":"https:\/\/capsulescompostables.fr\/shop\/"},{"@type":"ListItem","position":3,"name":"START &#8211; Miscela Bio 100% Arabica in grani 1kg"}]},{"@type":"WebSite","@id":"https:\/\/capsulescompostables.shop\/#website","url":"https:\/\/capsulescompostables.shop\/","name":"Caff\u00e8 Fantino","description":"Capsules Compostables Compatibles Nespresso","publisher":{"@id":"https:\/\/capsulescompostables.shop\/#organization"},"potentialAction":[{"@type":"SearchAction","target":{"@type":"EntryPoint","urlTemplate":"https:\/\/capsulescompostables.shop\/?s={search_term_string}"},"query-input":{"@type":"PropertyValueSpecification","valueRequired":true,"valueName":"search_term_string"}}],"inLanguage":"it-IT"},{"@type":"Organization","@id":"https:\/\/capsulescompostables.shop\/#organization","name":"Caff\u00e8 Fantino","url":"https:\/\/capsulescompostables.shop\/","logo":{"@type":"ImageObject","inLanguage":"it-IT","@id":"https:\/\/capsulescompostables.shop\/#\/schema\/logo\/image\/","url":"https:\/\/capsulescompostables.fr\/wp-content\/uploads\/2024\/07\/logo-caffe-fantino.png","contentUrl":"https:\/\/capsulescompostables.fr\/wp-content\/uploads\/2024\/07\/logo-caffe-fantino.png","width":508,"height":494,"caption":"Caff\u00e8 Fantino"},"image":{"@id":"https:\/\/capsulescompostables.shop\/#\/schema\/logo\/image\/"},"sameAs":["https:\/\/www.facebook.com\/caffefantino","https:\/\/www.instagram.com\/caffe_fantino\/","https:\/\/www.linkedin.com\/company\/caffe-fantino\/","https:\/\/www.tripadvisor.it\/Restaurant_Review-g187853-d16753727-Reviews-Caffe_Fantino-Cuneo_Province_of_Cuneo_Piedmont.html"]}]}},"_links":{"self":[{"href":"https:\/\/capsulescompostables.fr\/it\/wp-json\/wp\/v2\/product\/2656","targetHints":{"allow":["GET"]}}],"collection":[{"href":"https:\/\/capsulescompostables.fr\/it\/wp-json\/wp\/v2\/product"}],"about":[{"href":"https:\/\/capsulescompostables.fr\/it\/wp-json\/wp\/v2\/types\/product"}],"wp:featuredmedia":[{"embeddable":true,"href":"https:\/\/capsulescompostables.fr\/it\/wp-json\/wp\/v2\/media\/2658"}],"wp:attachment":[{"href":"https:\/\/capsulescompostables.fr\/it\/wp-json\/wp\/v2\/media?parent=2656"}],"wp:term":[{"taxonomy":"product_brand","embeddable":true,"href":"https:\/\/capsulescompostables.fr\/it\/wp-json\/wp\/v2\/product_brand?post=2656"},{"taxonomy":"product_cat","embeddable":true,"href":"https:\/\/capsulescompostables.fr\/it\/wp-json\/wp\/v2\/product_cat?post=2656"},{"taxonomy":"product_tag","embeddable":true,"href":"https:\/\/capsulescompostables.fr\/it\/wp-json\/wp\/v2\/product_tag?post=2656"}],"curies":[{"name":"wp","href":"https:\/\/api.w.org\/{rel}","templated":true}]}}