{"id":2526,"date":"2025-06-04T10:05:58","date_gmt":"2025-06-04T08:05:58","guid":{"rendered":"https:\/\/capsulescompostables.fr\/?post_type=product&#038;p=2526"},"modified":"2025-06-17T14:06:18","modified_gmt":"2025-06-17T12:06:18","slug":"caffe-monorigine-nicaragua-bio-250gr","status":"publish","type":"product","link":"https:\/\/capsulescompostables.fr\/it\/prodotto\/caffe-monorigine-nicaragua-bio-250gr\/","title":{"rendered":"Caff\u00e8 Monorigine Messico Bio 250gr"},"content":{"rendered":"","protected":false},"excerpt":{"rendered":"<p>I nostri caff\u00e8 Monorigine Bio 100% Arabica nascono da coltivazioni situate in zone geografiche selezionate, dove le piante vengono curate secondo metodi biologici certificati, senza l\u2019impiego di pesticidi.<br \/>\nIl Messico regala un caff\u00e8 naturalmente dolce, con una corposit\u00e0 equilibrata e una gradevole acidit\u00e0, per una tazza armoniosa e versatile.<\/p>\n<p>Macinato per moka e confezionato in pacchetto da 250 g sottovuoto, per garantire massima freschezza e qualit\u00e0.<\/p>\n","protected":false},"featured_media":2530,"template":"","meta":{"_acf_changed":false},"product_brand":[],"product_cat":[54],"product_tag":[],"class_list":{"0":"post-2526","1":"product","2":"type-product","3":"status-publish","4":"has-post-thumbnail","6":"product_cat-caffe-macinato","8":"first","9":"instock","10":"shipping-taxable","11":"purchasable","12":"product-type-simple"},"acf":[],"yoast_head":"<!-- This site is optimized with the Yoast SEO plugin v25.0 - https:\/\/yoast.com\/wordpress\/plugins\/seo\/ -->\n<title>Caff\u00e8 Monorigine Messico Bio 250gr - Caff\u00e8 Fantino<\/title>\n<meta name=\"robots\" content=\"index, follow, max-snippet:-1, max-image-preview:large, max-video-preview:-1\" \/>\n<link rel=\"canonical\" href=\"https:\/\/capsulescompostables.fr\/it\/prodotto\/caffe-monorigine-nicaragua-bio-250gr\/\" \/>\n<meta property=\"og:locale\" content=\"it_IT\" \/>\n<meta property=\"og:type\" content=\"article\" \/>\n<meta property=\"og:title\" content=\"Caff\u00e8 Monorigine Messico Bio 250gr - Caff\u00e8 Fantino\" \/>\n<meta property=\"og:description\" content=\"I nostri caff\u00e8 Monorigine Bio 100% Arabica nascono da coltivazioni situate in zone geografiche selezionate, dove le piante vengono curate secondo metodi biologici certificati, senza l\u2019impiego di pesticidi. Il Messico regala un caff\u00e8 naturalmente dolce, con una corposit\u00e0 equilibrata e una gradevole acidit\u00e0, per una tazza armoniosa e versatile. Macinato per moka e confezionato in pacchetto da 250 g sottovuoto, per garantire massima freschezza e qualit\u00e0.\" \/>\n<meta property=\"og:url\" content=\"https:\/\/capsulescompostables.fr\/it\/prodotto\/caffe-monorigine-nicaragua-bio-250gr\/\" \/>\n<meta property=\"og:site_name\" content=\"Caff\u00e8 Fantino\" \/>\n<meta property=\"article:publisher\" content=\"https:\/\/www.facebook.com\/caffefantino\" \/>\n<meta property=\"article:modified_time\" content=\"2025-06-17T12:06:18+00:00\" \/>\n<meta property=\"og:image\" content=\"https:\/\/capsulescompostables.fr\/wp-content\/uploads\/2025\/06\/Caffe-Monorigine-Messico-Bio-250gr.jpg\" \/>\n\t<meta property=\"og:image:width\" content=\"1442\" \/>\n\t<meta property=\"og:image:height\" content=\"1440\" \/>\n\t<meta property=\"og:image:type\" content=\"image\/jpeg\" \/>\n<meta name=\"twitter:card\" content=\"summary_large_image\" \/>\n<meta name=\"twitter:label1\" content=\"Tempo di lettura stimato\" \/>\n\t<meta name=\"twitter:data1\" content=\"1 minuto\" \/>\n<script type=\"application\/ld+json\" class=\"yoast-schema-graph\">{\"@context\":\"https:\/\/schema.org\",\"@graph\":[{\"@type\":\"WebPage\",\"@id\":\"https:\/\/capsulescompostables.fr\/it\/prodotto\/caffe-monorigine-nicaragua-bio-250gr\/\",\"url\":\"https:\/\/capsulescompostables.fr\/it\/prodotto\/caffe-monorigine-nicaragua-bio-250gr\/\",\"name\":\"Caff\u00e8 Monorigine Messico Bio 250gr - Caff\u00e8 Fantino\",\"isPartOf\":{\"@id\":\"https:\/\/3.71.77.101\/#website\"},\"primaryImageOfPage\":{\"@id\":\"https:\/\/capsulescompostables.fr\/it\/prodotto\/caffe-monorigine-nicaragua-bio-250gr\/#primaryimage\"},\"image\":{\"@id\":\"https:\/\/capsulescompostables.fr\/it\/prodotto\/caffe-monorigine-nicaragua-bio-250gr\/#primaryimage\"},\"thumbnailUrl\":\"https:\/\/capsulescompostables.fr\/wp-content\/uploads\/2025\/06\/Caffe-Monorigine-Messico-Bio-250gr.jpg\",\"datePublished\":\"2025-06-04T08:05:58+00:00\",\"dateModified\":\"2025-06-17T12:06:18+00:00\",\"breadcrumb\":{\"@id\":\"https:\/\/capsulescompostables.fr\/it\/prodotto\/caffe-monorigine-nicaragua-bio-250gr\/#breadcrumb\"},\"inLanguage\":\"it-IT\",\"potentialAction\":[{\"@type\":\"ReadAction\",\"target\":[\"https:\/\/capsulescompostables.fr\/it\/prodotto\/caffe-monorigine-nicaragua-bio-250gr\/\"]}]},{\"@type\":\"ImageObject\",\"inLanguage\":\"it-IT\",\"@id\":\"https:\/\/capsulescompostables.fr\/it\/prodotto\/caffe-monorigine-nicaragua-bio-250gr\/#primaryimage\",\"url\":\"https:\/\/capsulescompostables.fr\/wp-content\/uploads\/2025\/06\/Caffe-Monorigine-Messico-Bio-250gr.jpg\",\"contentUrl\":\"https:\/\/capsulescompostables.fr\/wp-content\/uploads\/2025\/06\/Caffe-Monorigine-Messico-Bio-250gr.jpg\",\"width\":1442,\"height\":1440,\"caption\":\"Caff\u00e8 Fantino Monorigine Messico Bio 250gr\"},{\"@type\":\"BreadcrumbList\",\"@id\":\"https:\/\/capsulescompostables.fr\/it\/prodotto\/caffe-monorigine-nicaragua-bio-250gr\/#breadcrumb\",\"itemListElement\":[{\"@type\":\"ListItem\",\"position\":1,\"name\":\"Home\",\"item\":\"https:\/\/3.71.77.101\/it\/\"},{\"@type\":\"ListItem\",\"position\":2,\"name\":\"Produits\",\"item\":\"https:\/\/3.71.77.101\/shop\/\"},{\"@type\":\"ListItem\",\"position\":3,\"name\":\"Caff\u00e8 Monorigine Messico Bio 250gr\"}]},{\"@type\":\"WebSite\",\"@id\":\"https:\/\/3.71.77.101\/#website\",\"url\":\"https:\/\/3.71.77.101\/\",\"name\":\"Caff\u00e8 Fantino\",\"description\":\"Capsules Compostables Compatibles Nespresso\",\"publisher\":{\"@id\":\"https:\/\/3.71.77.101\/#organization\"},\"potentialAction\":[{\"@type\":\"SearchAction\",\"target\":{\"@type\":\"EntryPoint\",\"urlTemplate\":\"https:\/\/3.71.77.101\/?s={search_term_string}\"},\"query-input\":{\"@type\":\"PropertyValueSpecification\",\"valueRequired\":true,\"valueName\":\"search_term_string\"}}],\"inLanguage\":\"it-IT\"},{\"@type\":\"Organization\",\"@id\":\"https:\/\/3.71.77.101\/#organization\",\"name\":\"Caff\u00e8 Fantino\",\"url\":\"https:\/\/3.71.77.101\/\",\"logo\":{\"@type\":\"ImageObject\",\"inLanguage\":\"it-IT\",\"@id\":\"https:\/\/3.71.77.101\/#\/schema\/logo\/image\/\",\"url\":\"https:\/\/capsulescompostables.fr\/wp-content\/uploads\/2024\/07\/logo-caffe-fantino.png\",\"contentUrl\":\"https:\/\/capsulescompostables.fr\/wp-content\/uploads\/2024\/07\/logo-caffe-fantino.png\",\"width\":508,\"height\":494,\"caption\":\"Caff\u00e8 Fantino\"},\"image\":{\"@id\":\"https:\/\/3.71.77.101\/#\/schema\/logo\/image\/\"},\"sameAs\":[\"https:\/\/www.facebook.com\/caffefantino\",\"https:\/\/www.instagram.com\/caffe_fantino\/\",\"https:\/\/www.linkedin.com\/company\/caffe-fantino\/\",\"https:\/\/www.tripadvisor.it\/Restaurant_Review-g187853-d16753727-Reviews-Caffe_Fantino-Cuneo_Province_of_Cuneo_Piedmont.html\"]}]}<\/script>\n<!-- \/ Yoast SEO plugin. -->","yoast_head_json":{"title":"Caff\u00e8 Monorigine Messico Bio 250gr - Caff\u00e8 Fantino","robots":{"index":"index","follow":"follow","max-snippet":"max-snippet:-1","max-image-preview":"max-image-preview:large","max-video-preview":"max-video-preview:-1"},"canonical":"https:\/\/capsulescompostables.fr\/it\/prodotto\/caffe-monorigine-nicaragua-bio-250gr\/","og_locale":"it_IT","og_type":"article","og_title":"Caff\u00e8 Monorigine Messico Bio 250gr - Caff\u00e8 Fantino","og_description":"I nostri caff\u00e8 Monorigine Bio 100% Arabica nascono da coltivazioni situate in zone geografiche selezionate, dove le piante vengono curate secondo metodi biologici certificati, senza l\u2019impiego di pesticidi. Il Messico regala un caff\u00e8 naturalmente dolce, con una corposit\u00e0 equilibrata e una gradevole acidit\u00e0, per una tazza armoniosa e versatile. Macinato per moka e confezionato in pacchetto da 250 g sottovuoto, per garantire massima freschezza e qualit\u00e0.","og_url":"https:\/\/capsulescompostables.fr\/it\/prodotto\/caffe-monorigine-nicaragua-bio-250gr\/","og_site_name":"Caff\u00e8 Fantino","article_publisher":"https:\/\/www.facebook.com\/caffefantino","article_modified_time":"2025-06-17T12:06:18+00:00","og_image":[{"width":1442,"height":1440,"url":"https:\/\/capsulescompostables.fr\/wp-content\/uploads\/2025\/06\/Caffe-Monorigine-Messico-Bio-250gr.jpg","type":"image\/jpeg"}],"twitter_card":"summary_large_image","twitter_misc":{"Tempo di lettura stimato":"1 minuto"},"schema":{"@context":"https:\/\/schema.org","@graph":[{"@type":"WebPage","@id":"https:\/\/capsulescompostables.fr\/it\/prodotto\/caffe-monorigine-nicaragua-bio-250gr\/","url":"https:\/\/capsulescompostables.fr\/it\/prodotto\/caffe-monorigine-nicaragua-bio-250gr\/","name":"Caff\u00e8 Monorigine Messico Bio 250gr - Caff\u00e8 Fantino","isPartOf":{"@id":"https:\/\/3.71.77.101\/#website"},"primaryImageOfPage":{"@id":"https:\/\/capsulescompostables.fr\/it\/prodotto\/caffe-monorigine-nicaragua-bio-250gr\/#primaryimage"},"image":{"@id":"https:\/\/capsulescompostables.fr\/it\/prodotto\/caffe-monorigine-nicaragua-bio-250gr\/#primaryimage"},"thumbnailUrl":"https:\/\/capsulescompostables.fr\/wp-content\/uploads\/2025\/06\/Caffe-Monorigine-Messico-Bio-250gr.jpg","datePublished":"2025-06-04T08:05:58+00:00","dateModified":"2025-06-17T12:06:18+00:00","breadcrumb":{"@id":"https:\/\/capsulescompostables.fr\/it\/prodotto\/caffe-monorigine-nicaragua-bio-250gr\/#breadcrumb"},"inLanguage":"it-IT","potentialAction":[{"@type":"ReadAction","target":["https:\/\/capsulescompostables.fr\/it\/prodotto\/caffe-monorigine-nicaragua-bio-250gr\/"]}]},{"@type":"ImageObject","inLanguage":"it-IT","@id":"https:\/\/capsulescompostables.fr\/it\/prodotto\/caffe-monorigine-nicaragua-bio-250gr\/#primaryimage","url":"https:\/\/capsulescompostables.fr\/wp-content\/uploads\/2025\/06\/Caffe-Monorigine-Messico-Bio-250gr.jpg","contentUrl":"https:\/\/capsulescompostables.fr\/wp-content\/uploads\/2025\/06\/Caffe-Monorigine-Messico-Bio-250gr.jpg","width":1442,"height":1440,"caption":"Caff\u00e8 Fantino Monorigine Messico Bio 250gr"},{"@type":"BreadcrumbList","@id":"https:\/\/capsulescompostables.fr\/it\/prodotto\/caffe-monorigine-nicaragua-bio-250gr\/#breadcrumb","itemListElement":[{"@type":"ListItem","position":1,"name":"Home","item":"https:\/\/3.71.77.101\/it\/"},{"@type":"ListItem","position":2,"name":"Produits","item":"https:\/\/3.71.77.101\/shop\/"},{"@type":"ListItem","position":3,"name":"Caff\u00e8 Monorigine Messico Bio 250gr"}]},{"@type":"WebSite","@id":"https:\/\/3.71.77.101\/#website","url":"https:\/\/3.71.77.101\/","name":"Caff\u00e8 Fantino","description":"Capsules Compostables Compatibles Nespresso","publisher":{"@id":"https:\/\/3.71.77.101\/#organization"},"potentialAction":[{"@type":"SearchAction","target":{"@type":"EntryPoint","urlTemplate":"https:\/\/3.71.77.101\/?s={search_term_string}"},"query-input":{"@type":"PropertyValueSpecification","valueRequired":true,"valueName":"search_term_string"}}],"inLanguage":"it-IT"},{"@type":"Organization","@id":"https:\/\/3.71.77.101\/#organization","name":"Caff\u00e8 Fantino","url":"https:\/\/3.71.77.101\/","logo":{"@type":"ImageObject","inLanguage":"it-IT","@id":"https:\/\/3.71.77.101\/#\/schema\/logo\/image\/","url":"https:\/\/capsulescompostables.fr\/wp-content\/uploads\/2024\/07\/logo-caffe-fantino.png","contentUrl":"https:\/\/capsulescompostables.fr\/wp-content\/uploads\/2024\/07\/logo-caffe-fantino.png","width":508,"height":494,"caption":"Caff\u00e8 Fantino"},"image":{"@id":"https:\/\/3.71.77.101\/#\/schema\/logo\/image\/"},"sameAs":["https:\/\/www.facebook.com\/caffefantino","https:\/\/www.instagram.com\/caffe_fantino\/","https:\/\/www.linkedin.com\/company\/caffe-fantino\/","https:\/\/www.tripadvisor.it\/Restaurant_Review-g187853-d16753727-Reviews-Caffe_Fantino-Cuneo_Province_of_Cuneo_Piedmont.html"]}]}},"_links":{"self":[{"href":"https:\/\/capsulescompostables.fr\/it\/wp-json\/wp\/v2\/product\/2526","targetHints":{"allow":["GET"]}}],"collection":[{"href":"https:\/\/capsulescompostables.fr\/it\/wp-json\/wp\/v2\/product"}],"about":[{"href":"https:\/\/capsulescompostables.fr\/it\/wp-json\/wp\/v2\/types\/product"}],"wp:featuredmedia":[{"embeddable":true,"href":"https:\/\/capsulescompostables.fr\/it\/wp-json\/wp\/v2\/media\/2530"}],"wp:attachment":[{"href":"https:\/\/capsulescompostables.fr\/it\/wp-json\/wp\/v2\/media?parent=2526"}],"wp:term":[{"taxonomy":"product_brand","embeddable":true,"href":"https:\/\/capsulescompostables.fr\/it\/wp-json\/wp\/v2\/product_brand?post=2526"},{"taxonomy":"product_cat","embeddable":true,"href":"https:\/\/capsulescompostables.fr\/it\/wp-json\/wp\/v2\/product_cat?post=2526"},{"taxonomy":"product_tag","embeddable":true,"href":"https:\/\/capsulescompostables.fr\/it\/wp-json\/wp\/v2\/product_tag?post=2526"}],"curies":[{"name":"wp","href":"https:\/\/api.w.org\/{rel}","templated":true}]}}