{"id":2228,"date":"2025-05-09T17:01:54","date_gmt":"2025-05-09T15:01:54","guid":{"rendered":"https:\/\/capsulescompostables.fr\/?post_type=product&#038;p=2228"},"modified":"2025-06-16T16:32:43","modified_gmt":"2025-06-16T14:32:43","slug":"pacco-degustazione","status":"publish","type":"product","link":"https:\/\/capsulescompostables.fr\/it\/prodotto\/pacco-degustazione\/","title":{"rendered":"Pacco Degustazione"},"content":{"rendered":"<div class=\"fusion-fullwidth fullwidth-box fusion-builder-row-1 fusion-flex-container has-pattern-background has-mask-background fusion-parallax-fixed hundred-percent-fullwidth non-hundred-percent-height-scrolling lazyload\" style=\"--awb-border-radius-top-left:7px;--awb-border-radius-top-right:7px;--awb-border-radius-bottom-right:7px;--awb-border-radius-bottom-left:7px;--awb-overflow:hidden;--awb-padding-top:0px;--awb-padding-right:0px;--awb-padding-bottom:0px;--awb-padding-left:0px;--awb-background-color:var(--awb-color1);--awb-background-size:cover;--awb-flex-wrap:wrap;background-attachment:fixed;\" data-bg=\"https:\/\/capsulescompostables.fr\/wp-content\/uploads\/2023\/12\/fantino_caffe.jpg\" ><div class=\"fusion-builder-row fusion-row fusion-flex-align-items-stretch fusion-flex-justify-content-center fusion-flex-content-wrap\" style=\"width:104% !important;max-width:104% !important;margin-left: calc(-4% \/ 2 );margin-right: calc(-4% \/ 2 );\"><div class=\"fusion-layout-column fusion_builder_column fusion-builder-column-0 fusion_builder_column_1_2 1_2 fusion-flex-column fusion-flex-align-self-center\" style=\"--awb-padding-right-small:5%;--awb-padding-left-small:5%;--awb-bg-size:cover;--awb-width-large:50%;--awb-margin-top-large:5%;--awb-spacing-right-large:3.84%;--awb-margin-bottom-large:5%;--awb-spacing-left-large:3.84%;--awb-width-medium:50%;--awb-order-medium:0;--awb-spacing-right-medium:3.84%;--awb-spacing-left-medium:3.84%;--awb-width-small:100%;--awb-order-small:0;--awb-spacing-right-small:1.92%;--awb-spacing-left-small:1.92%;\" data-scroll-devices=\"small-visibility,medium-visibility,large-visibility\"><div class=\"fusion-column-wrapper fusion-column-has-shadow fusion-flex-justify-content-center fusion-content-layout-column\"><div class=\"fusion-text fusion-text-1 fusion-text-no-margin\" style=\"--awb-font-size:var(--awb-typography5-font-size);--awb-line-height:1.2;--awb-letter-spacing:var(--awb-typography5-letter-spacing);--awb-text-transform:var(--awb-typography5-text-transform);--awb-text-color:var(--awb-custom_color_1);--awb-margin-bottom:1em;--awb-text-font-family:var(--awb-typography5-font-family);--awb-text-font-weight:var(--awb-typography5-font-weight);--awb-text-font-style:var(--awb-typography5-font-style);\"><p>Scopri il nostro Pacco Degustazione, pensato per gli amanti del caff\u00e8 pi\u00f9 esigenti. Questa esclusiva confezione riunisce una raffinata selezione delle nostre migliori capsule, scelte con cura per accompagnarti in un viaggio attraverso una tavolozza di aromi ricchi ed equilibrati. Ogni variet\u00e0 riflette la maestria e la passione per cui Caff\u00e8 Fantino \u00e8 rinomato. Un&#8217;esperienza sensoriale unica in ogni tazza.<\/p>\n<\/div><\/div><\/div><\/div><\/div>\n","protected":false},"excerpt":{"rendered":"<p><strong>240 CAPSULE<\/strong><br \/>\n\u2013 2 x 20 capsule M\u00c9LANGE START 100% ARABICA BIO<br \/>\n\u2013 2 x 20 capsule M\u00c9LANGE CLASSICA 70% ARABICA<br \/>\n\u2013 2 x 20 capsule M\u00c9LANGE INTENSO 50% ARABICA<br \/>\n\u2013 1 x 20 capsule BRASILE 100% ARABICA<br \/>\n\u2013 1 x 20 capsule PERU 100% ARABICA BIO<br \/>\n\u2013 1 x 20 capsule MESSICO 100% ARABICA BIO<br \/>\n\u2013 1 x 20 capsule COLOMBIA 100% ARABICA BIO<br \/>\n\u2013 1 x 20 capsule NICARAGUA 100% ARABICA BIO<br \/>\n\u2013 1 x 20 capsule HONDURAS 100% ARABICA BIO<\/p>\n","protected":false},"featured_media":2377,"template":"","meta":{"_acf_changed":false},"product_brand":[],"product_cat":[47],"product_tag":[72],"class_list":{"0":"post-2228","1":"product","2":"type-product","3":"status-publish","4":"has-post-thumbnail","6":"product_cat-capsule-compostabili","7":"product_tag-pacco-degustazione","9":"first","10":"instock","11":"shipping-taxable","12":"purchasable","13":"product-type-simple"},"acf":[],"yoast_head":"<!-- This site is optimized with the Yoast SEO plugin v25.0 - https:\/\/yoast.com\/wordpress\/plugins\/seo\/ -->\n<title>Pacco Degustazione - Caff\u00e8 Fantino<\/title>\n<meta name=\"robots\" content=\"index, follow, max-snippet:-1, max-image-preview:large, max-video-preview:-1\" \/>\n<link rel=\"canonical\" href=\"https:\/\/capsulescompostables.fr\/it\/prodotto\/pacco-degustazione\/\" \/>\n<meta property=\"og:locale\" content=\"it_IT\" \/>\n<meta property=\"og:type\" content=\"article\" \/>\n<meta property=\"og:title\" content=\"Pacco Degustazione - Caff\u00e8 Fantino\" \/>\n<meta property=\"og:description\" content=\"240 CAPSULE \u2013 2 x 20 capsule M\u00c9LANGE START 100% ARABICA BIO \u2013 2 x 20 capsule M\u00c9LANGE CLASSICA 70% ARABICA \u2013 2 x 20 capsule M\u00c9LANGE INTENSO 50% ARABICA \u2013 1 x 20 capsule BRASILE 100% ARABICA \u2013 1 x 20 capsule PERU 100% ARABICA BIO \u2013 1 x 20 capsule MESSICO 100% ARABICA BIO \u2013 1 x 20 capsule COLOMBIA 100% ARABICA BIO \u2013 1 x 20 capsule NICARAGUA 100% ARABICA BIO \u2013 1 x 20 capsule HONDURAS 100% ARABICA BIO\" \/>\n<meta property=\"og:url\" content=\"https:\/\/capsulescompostables.fr\/it\/prodotto\/pacco-degustazione\/\" \/>\n<meta property=\"og:site_name\" content=\"Caff\u00e8 Fantino\" \/>\n<meta property=\"article:publisher\" content=\"https:\/\/www.facebook.com\/caffefantino\" \/>\n<meta property=\"article:modified_time\" content=\"2025-06-16T14:32:43+00:00\" \/>\n<meta property=\"og:image\" content=\"https:\/\/capsulescompostables.fr\/wp-content\/uploads\/2025\/05\/pack-degustation-caffe-fantino.jpg\" \/>\n\t<meta property=\"og:image:width\" content=\"1442\" \/>\n\t<meta property=\"og:image:height\" content=\"1440\" \/>\n\t<meta property=\"og:image:type\" content=\"image\/jpeg\" \/>\n<meta name=\"twitter:card\" content=\"summary_large_image\" \/>\n<meta name=\"twitter:label1\" content=\"Tempo di lettura stimato\" \/>\n\t<meta name=\"twitter:data1\" content=\"1 minuto\" \/>\n<script type=\"application\/ld+json\" class=\"yoast-schema-graph\">{\"@context\":\"https:\/\/schema.org\",\"@graph\":[{\"@type\":\"WebPage\",\"@id\":\"https:\/\/capsulescompostables.fr\/it\/prodotto\/pacco-degustazione\/\",\"url\":\"https:\/\/capsulescompostables.fr\/it\/prodotto\/pacco-degustazione\/\",\"name\":\"Pacco Degustazione - Caff\u00e8 Fantino\",\"isPartOf\":{\"@id\":\"https:\/\/3.71.77.101\/#website\"},\"primaryImageOfPage\":{\"@id\":\"https:\/\/capsulescompostables.fr\/it\/prodotto\/pacco-degustazione\/#primaryimage\"},\"image\":{\"@id\":\"https:\/\/capsulescompostables.fr\/it\/prodotto\/pacco-degustazione\/#primaryimage\"},\"thumbnailUrl\":\"https:\/\/capsulescompostables.fr\/wp-content\/uploads\/2025\/05\/pack-degustation-caffe-fantino.jpg\",\"datePublished\":\"2025-05-09T15:01:54+00:00\",\"dateModified\":\"2025-06-16T14:32:43+00:00\",\"breadcrumb\":{\"@id\":\"https:\/\/capsulescompostables.fr\/it\/prodotto\/pacco-degustazione\/#breadcrumb\"},\"inLanguage\":\"it-IT\",\"potentialAction\":[{\"@type\":\"ReadAction\",\"target\":[\"https:\/\/capsulescompostables.fr\/it\/prodotto\/pacco-degustazione\/\"]}]},{\"@type\":\"ImageObject\",\"inLanguage\":\"it-IT\",\"@id\":\"https:\/\/capsulescompostables.fr\/it\/prodotto\/pacco-degustazione\/#primaryimage\",\"url\":\"https:\/\/capsulescompostables.fr\/wp-content\/uploads\/2025\/05\/pack-degustation-caffe-fantino.jpg\",\"contentUrl\":\"https:\/\/capsulescompostables.fr\/wp-content\/uploads\/2025\/05\/pack-degustation-caffe-fantino.jpg\",\"width\":1442,\"height\":1440,\"caption\":\"Pack D\u00e9gustation Caff\u00e8 Fantino 240 capsule\"},{\"@type\":\"BreadcrumbList\",\"@id\":\"https:\/\/capsulescompostables.fr\/it\/prodotto\/pacco-degustazione\/#breadcrumb\",\"itemListElement\":[{\"@type\":\"ListItem\",\"position\":1,\"name\":\"Home\",\"item\":\"https:\/\/3.71.77.101\/it\/\"},{\"@type\":\"ListItem\",\"position\":2,\"name\":\"Produits\",\"item\":\"https:\/\/3.71.77.101\/shop\/\"},{\"@type\":\"ListItem\",\"position\":3,\"name\":\"Pacco Degustazione\"}]},{\"@type\":\"WebSite\",\"@id\":\"https:\/\/3.71.77.101\/#website\",\"url\":\"https:\/\/3.71.77.101\/\",\"name\":\"Caff\u00e8 Fantino\",\"description\":\"Capsules Compostables Compatibles Nespresso\",\"publisher\":{\"@id\":\"https:\/\/3.71.77.101\/#organization\"},\"potentialAction\":[{\"@type\":\"SearchAction\",\"target\":{\"@type\":\"EntryPoint\",\"urlTemplate\":\"https:\/\/3.71.77.101\/?s={search_term_string}\"},\"query-input\":{\"@type\":\"PropertyValueSpecification\",\"valueRequired\":true,\"valueName\":\"search_term_string\"}}],\"inLanguage\":\"it-IT\"},{\"@type\":\"Organization\",\"@id\":\"https:\/\/3.71.77.101\/#organization\",\"name\":\"Caff\u00e8 Fantino\",\"url\":\"https:\/\/3.71.77.101\/\",\"logo\":{\"@type\":\"ImageObject\",\"inLanguage\":\"it-IT\",\"@id\":\"https:\/\/3.71.77.101\/#\/schema\/logo\/image\/\",\"url\":\"https:\/\/capsulescompostables.fr\/wp-content\/uploads\/2024\/07\/logo-caffe-fantino.png\",\"contentUrl\":\"https:\/\/capsulescompostables.fr\/wp-content\/uploads\/2024\/07\/logo-caffe-fantino.png\",\"width\":508,\"height\":494,\"caption\":\"Caff\u00e8 Fantino\"},\"image\":{\"@id\":\"https:\/\/3.71.77.101\/#\/schema\/logo\/image\/\"},\"sameAs\":[\"https:\/\/www.facebook.com\/caffefantino\",\"https:\/\/www.instagram.com\/caffe_fantino\/\",\"https:\/\/www.linkedin.com\/company\/caffe-fantino\/\",\"https:\/\/www.tripadvisor.it\/Restaurant_Review-g187853-d16753727-Reviews-Caffe_Fantino-Cuneo_Province_of_Cuneo_Piedmont.html\"]}]}<\/script>\n<!-- \/ Yoast SEO plugin. -->","yoast_head_json":{"title":"Pacco Degustazione - Caff\u00e8 Fantino","robots":{"index":"index","follow":"follow","max-snippet":"max-snippet:-1","max-image-preview":"max-image-preview:large","max-video-preview":"max-video-preview:-1"},"canonical":"https:\/\/capsulescompostables.fr\/it\/prodotto\/pacco-degustazione\/","og_locale":"it_IT","og_type":"article","og_title":"Pacco Degustazione - Caff\u00e8 Fantino","og_description":"240 CAPSULE \u2013 2 x 20 capsule M\u00c9LANGE START 100% ARABICA BIO \u2013 2 x 20 capsule M\u00c9LANGE CLASSICA 70% ARABICA \u2013 2 x 20 capsule M\u00c9LANGE INTENSO 50% ARABICA \u2013 1 x 20 capsule BRASILE 100% ARABICA \u2013 1 x 20 capsule PERU 100% ARABICA BIO \u2013 1 x 20 capsule MESSICO 100% ARABICA BIO \u2013 1 x 20 capsule COLOMBIA 100% ARABICA BIO \u2013 1 x 20 capsule NICARAGUA 100% ARABICA BIO \u2013 1 x 20 capsule HONDURAS 100% ARABICA BIO","og_url":"https:\/\/capsulescompostables.fr\/it\/prodotto\/pacco-degustazione\/","og_site_name":"Caff\u00e8 Fantino","article_publisher":"https:\/\/www.facebook.com\/caffefantino","article_modified_time":"2025-06-16T14:32:43+00:00","og_image":[{"width":1442,"height":1440,"url":"https:\/\/capsulescompostables.fr\/wp-content\/uploads\/2025\/05\/pack-degustation-caffe-fantino.jpg","type":"image\/jpeg"}],"twitter_card":"summary_large_image","twitter_misc":{"Tempo di lettura stimato":"1 minuto"},"schema":{"@context":"https:\/\/schema.org","@graph":[{"@type":"WebPage","@id":"https:\/\/capsulescompostables.fr\/it\/prodotto\/pacco-degustazione\/","url":"https:\/\/capsulescompostables.fr\/it\/prodotto\/pacco-degustazione\/","name":"Pacco Degustazione - Caff\u00e8 Fantino","isPartOf":{"@id":"https:\/\/3.71.77.101\/#website"},"primaryImageOfPage":{"@id":"https:\/\/capsulescompostables.fr\/it\/prodotto\/pacco-degustazione\/#primaryimage"},"image":{"@id":"https:\/\/capsulescompostables.fr\/it\/prodotto\/pacco-degustazione\/#primaryimage"},"thumbnailUrl":"https:\/\/capsulescompostables.fr\/wp-content\/uploads\/2025\/05\/pack-degustation-caffe-fantino.jpg","datePublished":"2025-05-09T15:01:54+00:00","dateModified":"2025-06-16T14:32:43+00:00","breadcrumb":{"@id":"https:\/\/capsulescompostables.fr\/it\/prodotto\/pacco-degustazione\/#breadcrumb"},"inLanguage":"it-IT","potentialAction":[{"@type":"ReadAction","target":["https:\/\/capsulescompostables.fr\/it\/prodotto\/pacco-degustazione\/"]}]},{"@type":"ImageObject","inLanguage":"it-IT","@id":"https:\/\/capsulescompostables.fr\/it\/prodotto\/pacco-degustazione\/#primaryimage","url":"https:\/\/capsulescompostables.fr\/wp-content\/uploads\/2025\/05\/pack-degustation-caffe-fantino.jpg","contentUrl":"https:\/\/capsulescompostables.fr\/wp-content\/uploads\/2025\/05\/pack-degustation-caffe-fantino.jpg","width":1442,"height":1440,"caption":"Pack D\u00e9gustation Caff\u00e8 Fantino 240 capsule"},{"@type":"BreadcrumbList","@id":"https:\/\/capsulescompostables.fr\/it\/prodotto\/pacco-degustazione\/#breadcrumb","itemListElement":[{"@type":"ListItem","position":1,"name":"Home","item":"https:\/\/3.71.77.101\/it\/"},{"@type":"ListItem","position":2,"name":"Produits","item":"https:\/\/3.71.77.101\/shop\/"},{"@type":"ListItem","position":3,"name":"Pacco Degustazione"}]},{"@type":"WebSite","@id":"https:\/\/3.71.77.101\/#website","url":"https:\/\/3.71.77.101\/","name":"Caff\u00e8 Fantino","description":"Capsules Compostables Compatibles Nespresso","publisher":{"@id":"https:\/\/3.71.77.101\/#organization"},"potentialAction":[{"@type":"SearchAction","target":{"@type":"EntryPoint","urlTemplate":"https:\/\/3.71.77.101\/?s={search_term_string}"},"query-input":{"@type":"PropertyValueSpecification","valueRequired":true,"valueName":"search_term_string"}}],"inLanguage":"it-IT"},{"@type":"Organization","@id":"https:\/\/3.71.77.101\/#organization","name":"Caff\u00e8 Fantino","url":"https:\/\/3.71.77.101\/","logo":{"@type":"ImageObject","inLanguage":"it-IT","@id":"https:\/\/3.71.77.101\/#\/schema\/logo\/image\/","url":"https:\/\/capsulescompostables.fr\/wp-content\/uploads\/2024\/07\/logo-caffe-fantino.png","contentUrl":"https:\/\/capsulescompostables.fr\/wp-content\/uploads\/2024\/07\/logo-caffe-fantino.png","width":508,"height":494,"caption":"Caff\u00e8 Fantino"},"image":{"@id":"https:\/\/3.71.77.101\/#\/schema\/logo\/image\/"},"sameAs":["https:\/\/www.facebook.com\/caffefantino","https:\/\/www.instagram.com\/caffe_fantino\/","https:\/\/www.linkedin.com\/company\/caffe-fantino\/","https:\/\/www.tripadvisor.it\/Restaurant_Review-g187853-d16753727-Reviews-Caffe_Fantino-Cuneo_Province_of_Cuneo_Piedmont.html"]}]}},"_links":{"self":[{"href":"https:\/\/capsulescompostables.fr\/it\/wp-json\/wp\/v2\/product\/2228","targetHints":{"allow":["GET"]}}],"collection":[{"href":"https:\/\/capsulescompostables.fr\/it\/wp-json\/wp\/v2\/product"}],"about":[{"href":"https:\/\/capsulescompostables.fr\/it\/wp-json\/wp\/v2\/types\/product"}],"wp:featuredmedia":[{"embeddable":true,"href":"https:\/\/capsulescompostables.fr\/it\/wp-json\/wp\/v2\/media\/2377"}],"wp:attachment":[{"href":"https:\/\/capsulescompostables.fr\/it\/wp-json\/wp\/v2\/media?parent=2228"}],"wp:term":[{"taxonomy":"product_brand","embeddable":true,"href":"https:\/\/capsulescompostables.fr\/it\/wp-json\/wp\/v2\/product_brand?post=2228"},{"taxonomy":"product_cat","embeddable":true,"href":"https:\/\/capsulescompostables.fr\/it\/wp-json\/wp\/v2\/product_cat?post=2228"},{"taxonomy":"product_tag","embeddable":true,"href":"https:\/\/capsulescompostables.fr\/it\/wp-json\/wp\/v2\/product_tag?post=2228"}],"curies":[{"name":"wp","href":"https:\/\/api.w.org\/{rel}","templated":true}]}}